{"id":58,"date":"2020-06-05T22:13:30","date_gmt":"2020-06-05T20:13:30","guid":{"rendered":"http:\/\/dochs.ruyssen-paris.fr\/index.php\/colibri-wp\/"},"modified":"2025-05-05T11:20:36","modified_gmt":"2025-05-05T09:20:36","slug":"colibri-wp","status":"publish","type":"page","link":"https:\/\/dochs.ruyssen-paris.fr\/","title":{"rendered":"Bienvenu dans le guide de l&#8217;application Hiver Solidaire"},"content":{"rendered":"<div class=\"style-193 style-local-58-c1 position-relative\" data-colibri-id=\"58-c1\">L&#8217;application Hiver Solidaire est utilis\u00e9e dans le cadre de l&#8217;activit\u00e9 Hiver Solidaire de la paroisse Notre-Dame de la Croix.<\/div>\n<div data-colibri-id=\"58-c1\">\u00a0<\/div>\n<div data-colibri-id=\"58-c1\">Ce guide est en 5 parties:<\/div>\n<div data-colibri-id=\"58-c1\">\u00a0<\/div>\n<ul>\n<li data-colibri-id=\"58-c1\"><a href=\"https:\/\/dochs.ruyssen-paris.fr\/?page_id=341\">D\u00e9marrage rapide (pour ceux qui ne veulent pas lire toute la documentation)<\/a><\/li>\n<li data-colibri-id=\"58-c1\"><a href=\"#PreGen\">Pr\u00e9sentation g\u00e9n\u00e9rale pour tous (dans cette page)<\/a><\/li>\n<li data-colibri-id=\"58-c1\"><a href=\"https:\/\/dochs.ruyssen-paris.fr\/?page_id=263\">Plus d&#8217;informations pour les b\u00e9n\u00e9voles<\/a><\/li>\n<li data-colibri-id=\"58-c1\"><a href=\"https:\/\/dochs.ruyssen-paris.fr\/?page_id=401\">Plus d&#8217;informations pour les responsables de semaines<\/a><\/li>\n<li data-colibri-id=\"58-c1\"><a href=\"https:\/\/dochs.ruyssen-paris.fr\/?page_id=492\">Plus d&#8217;informations pour le responsable Hiver Solidaire<\/a><\/li>\n<\/ul>\n\n\n<h3 class=\"wp-block-heading\" id=\"PreGen\">Pr\u00e9sentation g\u00e9n\u00e9rale pour tous<\/h3>\n\n\n<p>Cette partie pr\u00e9sente les <a href=\"https:\/\/dochs.ruyssen-paris.fr\/index.php\/les-profils\/\">profils utilisateurs<\/a> qui d\u00e9terminent ce que l&#8217;utilisateur peut faire dans l&#8217;application. Elle d\u00e9crit \u00e9galement <a href=\"https:\/\/dochs.ruyssen-paris.fr\/index.php\/les-roles\/\">les r\u00f4les<\/a> qui correspondent aux diff\u00e9rentes missions que les utilisateurs peuvent assurer dans le cadre d&#8217;Hiver Solidaire.&nbsp;<\/p>\n<p>Cette partie pr\u00e9sente \u00e9galement <a href=\"https:\/\/dochs.ruyssen-paris.fr\/index.php\/les-onglets-de-lapplication\/\">les diff\u00e9rents onglets<\/a> accessibles par l&#8217;application.<\/p>\n<p>Les mentions l\u00e9gales peuvent \u00eatre consult\u00e9es dans la page suivante : <a href=\"https:\/\/dochs.ruyssen-paris.fr\/index.php\/mentions-legales\/\">mentions l\u00e9gales<\/a>.<\/p>\n\n\n<h3 class=\"wp-block-heading\">Versions et mises \u00e0 jour de l&#8217;application<\/h3>\n\n\n\n<p>La version de l&#8217;application utilis\u00e9e est indiqu\u00e9e dans le menu <strong>A Propos<\/strong>. En fonction de votre paroisse diff\u00e9rentes versions peuvent \u00eatre utilis\u00e9es.<\/p>\n\n\n\n<p>Ajouts r\u00e9alis\u00e9s sur la version 2023 en novembre 2023 <\/p>\n\n\n\n<ul class=\"wp-block-list\">\n<li>Ajout du r\u00e8glement hiver solidaire et d&#8217;une fonction de validation. Le b\u00e9n\u00e9vole ne peut utiliser l&#8217;application qu&#8217;apr\u00e8s avoir accept\u00e9 les mentions l\u00e9gales et le r\u00e8glement.<\/li>\n\n\n\n<li>Ajout de la notion de r\u00e9f\u00e9rent dans la fiche b\u00e9n\u00e9vole, uniquement accessible par le profil adm.<\/li>\n<\/ul>\n","protected":false},"excerpt":{"rendered":"<p>L&#8217;application Hiver Solidaire est utilis\u00e9e dans le cadre de l&#8217;activit\u00e9 Hiver Solidaire de la paroisse Notre-Dame de la Croix. \u00a0 Ce guide est en 5 parties: \u00a0 D\u00e9marrage rapide (pour ceux qui ne veulent pas lire toute la documentation) Pr\u00e9sentation g\u00e9n\u00e9rale pour tous (dans cette page) Plus d&#8217;informations pour les b\u00e9n\u00e9voles Plus d&#8217;informations pour les &hellip;<\/p>\n<p class=\"read-more\"> <a class=\"\" href=\"https:\/\/dochs.ruyssen-paris.fr\/\"> <span class=\"screen-reader-text\">Bienvenu dans le guide de l&#8217;application Hiver Solidaire<\/span> Read More &raquo;<\/a><\/p>\n","protected":false},"author":1,"featured_media":0,"parent":0,"menu_order":0,"comment_status":"closed","ping_status":"closed","template":"","meta":{"footnotes":""},"class_list":["post-58","page","type-page","status-publish","hentry"],"_links":{"self":[{"href":"https:\/\/dochs.ruyssen-paris.fr\/index.php?rest_route=\/wp\/v2\/pages\/58","targetHints":{"allow":["GET"]}}],"collection":[{"href":"https:\/\/dochs.ruyssen-paris.fr\/index.php?rest_route=\/wp\/v2\/pages"}],"about":[{"href":"https:\/\/dochs.ruyssen-paris.fr\/index.php?rest_route=\/wp\/v2\/types\/page"}],"author":[{"embeddable":true,"href":"https:\/\/dochs.ruyssen-paris.fr\/index.php?rest_route=\/wp\/v2\/users\/1"}],"replies":[{"embeddable":true,"href":"https:\/\/dochs.ruyssen-paris.fr\/index.php?rest_route=%2Fwp%2Fv2%2Fcomments&post=58"}],"version-history":[{"count":26,"href":"https:\/\/dochs.ruyssen-paris.fr\/index.php?rest_route=\/wp\/v2\/pages\/58\/revisions"}],"predecessor-version":[{"id":555,"href":"https:\/\/dochs.ruyssen-paris.fr\/index.php?rest_route=\/wp\/v2\/pages\/58\/revisions\/555"}],"wp:attachment":[{"href":"https:\/\/dochs.ruyssen-paris.fr\/index.php?rest_route=%2Fwp%2Fv2%2Fmedia&parent=58"}],"curies":[{"name":"wp","href":"https:\/\/api.w.org\/{rel}","templated":true}]}}