{"id":341,"date":"2020-06-16T22:15:09","date_gmt":"2020-06-16T20:15:09","guid":{"rendered":"http:\/\/dochs.ruyssen-paris.fr\/?page_id=341"},"modified":"2025-05-05T11:35:54","modified_gmt":"2025-05-05T09:35:54","slug":"demarrage-rapide","status":"publish","type":"page","link":"https:\/\/dochs.ruyssen-paris.fr\/?page_id=341","title":{"rendered":"D\u00e9marrage rapide"},"content":{"rendered":"<p>Cette page donne les \u00e9l\u00e9ments cl\u00e9s pour commencer \u00e0 utiliser l&#8217;application rapidement. Toute les fonctions qui sont r\u00e9put\u00e9s intuitives ne sont pas d\u00e9crites dans cette page. Seules les informations et fonctionnements difficile \u00e0 deviner sont d\u00e9crits. Reportez-vous \u00e0 la documentation d\u00e9taill\u00e9e \u00e0 l&#8217;attention <a href=\"https:\/\/dochs.ruyssen-paris.fr\/?page_id=263\">des b\u00e9n\u00e9voles<\/a> ou \u00e0 l&#8217;attention <a href=\"https:\/\/dochs.ruyssen-paris.fr\/?page_id=401\">des responsables de semaine<\/a> si vous ne trouvez pas comment r\u00e9aliser une actions.<\/p>\n<p>Cette page d\u00e9crit donc en particulier:<\/p>\n<ul>\n<li><a href=\"#Pseudos\">Les pseudos<\/a><\/li>\n<li><a href=\"#roles\">Les r\u00f4les<\/a><\/li>\n<li><a href=\"#delegation\">La d\u00e9l\u00e9gation d&#8217;inscription<\/a><\/li>\n<li><a href=\"#commentjour\">Les commentaires d&#8217;un jour<\/a><\/li>\n<li><a href=\"#infosem\">L&#8217;information de la semaine<\/a><\/li>\n<li><a href=\"#veille\">L&#8217;information de la veille<\/a><\/li>\n<li><a href=\"#Confident\">Confidentialit\u00e9<\/a><\/li>\n<\/ul>\n\n\n<h2 class=\"wp-block-heading\" id=\"Pseudos\">Les pseudos<\/h2>\n\n\n<p>La notion de pseudo (pseudonyme) permet de garantir la confidentialit\u00e9 des informations saisies par les b\u00e9n\u00e9voles dans l&#8217;application. Voir la <a href=\"#Confident\">section confidentialit\u00e9<\/a> pour en savoir plus su le sujet.<\/p>\n\n\n<h2 class=\"wp-block-heading\" id=\"roles\">Les r\u00f4les<\/h2>\n\n\n\n<p>Un b\u00e9n\u00e9vole hiver solidaire peut participer en assurant divers r\u00f4les:<\/p>\n\n\n\n<ul class=\"wp-block-list\">\n<li>Marthe : apporter le repas et le partager<\/li>\n\n\n\n<li>Marie : \u00e9couter, discuter, jouer<\/li>\n\n\n\n<li>Lazare : dormir sur place<\/li>\n\n\n\n<li>Pierre : g\u00e9rer les cl\u00e9s<\/li>\n\n\n\n<li>V\u00e9ronique : laver le linge plat<\/li>\n<\/ul>\n\n\n\n<p>Pour en savoir plus voir <a href=\"https:\/\/dochs.ruyssen-paris.fr\/?page_id=181\">la section r\u00f4le<\/a> ainsi que la description des r\u00f4les dans l&#8217;application.<\/p>\n\n\n\n<h2 class=\"wp-block-heading\" id=\"delegation\">La d\u00e9l\u00e9gation d&#8217;inscription<\/h2>\n\n\n\n<p>La d\u00e9l\u00e9gation d\u2019inscription au planning est n\u00e9cessaire quand un b\u00e9n\u00e9vole ne souhaite pas (ou n\u2019en a pas la possibilit\u00e9) utiliser l\u2019application. Ce b\u00e9n\u00e9vole sera quand m\u00eame cr\u00e9\u00e9 par le responsable hiver solidaire dans la liste des b\u00e9n\u00e9voles afin que les responsables de semaine disposent de ses coordonn\u00e9es.<\/p>\n\n\n\n<p>Pour g\u00e9rer cette situation, <span style=\"font-size: 1rem; font-weight: inherit;\">le responsable de semaine s&#8217;inscrit \u00e0 la place du b\u00e9n\u00e9vole et entre un pseudo qui sera le nom du r\u00f4le suivi du jour et du mois par exemple : Lazare2301<\/span>. Il indique dans le commentaire &#8220;inscription pour le compte de &#8230;&#8221; qui est le b\u00e9n\u00e9vole qui est associ\u00e9 \u00e0 ce pseudo (Lazare2301=Nom du b\u00e9n\u00e9vole tel qu\u2019il appara\u00eet dans la fiche b\u00e9n\u00e9vole). <\/p>\n\n\n\n<h2 class=\"wp-block-heading\" id=\"commentjour\">Les commentaires d&#8217;un jour<\/h2>\n\n\n\n<p>Le commentaire d&#8217;un jour permet de laisser une information aux autres b\u00e9n\u00e9voles qui participeront \u00e0 hiver solidaire le m\u00eame jour que vous. Par exemple:<\/p>\n\n\n\n<ul class=\"wp-block-list\">\n<li>Vous savez que vous arriverez 20 minutes en retard par rapport \u00e0 l\u2019heure habituelle<\/li>\n\n\n\n<li>Vous viendrez ce soir l\u00e0 avec un ami \u00e0 qui vous voulez faire d\u00e9couvrir hiver solidaire mais qui n\u2019est pas b\u00e9n\u00e9vole<\/li>\n\n\n\n<li>Vous avez d\u00e9cid\u00e9 d\u2019apporter votre g\u00e2teau pr\u00e9f\u00e9r\u00e9<\/li>\n<\/ul>\n\n\n\n<p>Ce commentaire est laiss\u00e9 sur un jour pr\u00e9cis au moment de l&#8217;inscription.<\/p>\n\n\n\n<h2 class=\"wp-block-heading\" id=\"infosem\">L&#8217;information de la semaine<\/h2>\n\n\n\n<p>Le terme &#8220;information de la semaine&#8221; d\u00e9signe la premi\u00e8re information visible dans l&#8217;onglet &#8220;Info&#8221;. Seuls les responsables de semaine peuvent modifier cette information. C&#8217;est l&#8217;endroit o\u00f9 laisser une consigne aux b\u00e9n\u00e9voles lorsque cette consigne est valable plusieurs jours.<\/p>\n\n\n\n<p>Par exemple:<\/p>\n\n\n\n<ul class=\"wp-block-list\">\n<li>Ne pas oublier de fermer la porte de l&#8217;\u00e9glise d\u00e8s que les deux personnes accueillies sont pr\u00e9sentes<\/li>\n\n\n\n<li>Rappeler un \u00e9l\u00e9ment du r\u00e8glement hiver solidaire<\/li>\n\n\n\n<li>Rappeler que tel aliment n&#8217;est pas le bienvenu<\/li>\n<\/ul>\n\n\n\n<h2 class=\"wp-block-heading\" id=\"veille\">L&#8217;information de la veille<\/h2>\n\n\n\n<p>L&#8217; information de la veille contient les informations importantes laiss\u00e9es par les b\u00e9n\u00e9voles de jour en jour pour faire le relais avec les b\u00e9n\u00e9voles suivants. On ne chercher pas \u00e0 garder l&#8217;historique des informations.<\/p>\n\n\n\n<p>Par exemple:<\/p>\n\n\n\n<ul class=\"wp-block-list\">\n<li>Etat d&#8217;humeur g\u00e9n\u00e9ral<\/li>\n\n\n\n<li>Probl\u00e8mes rencontr\u00e9 la veille<\/li>\n\n\n\n<li>Un jeu qui a \u00e9t\u00e9 bien appr\u00e9ci\u00e9<\/li>\n<\/ul>\n\n\n\n<p>Le responsable de semaine qui consulte ces informations laiss\u00e9es par les b\u00e9n\u00e9voles pourra le cas \u00e9ch\u00e9ant reporter certaines informations comme information de la semaine.<\/p>\n\n\n\n<h2 class=\"wp-block-heading\" id=\"Confident\">Confidentialit\u00e9<\/h2>\n\n\n<p>Les donn\u00e9es sont accessibles en fonction des profils utilisateurs. Le b\u00e9n\u00e9vole n&#8217;a acc\u00e8s qu&#8217;aux informations qui le concernent personnellement, aux coordonn\u00e9es des responsables de semaine, aux mail, t\u00e9l\u00e9phone et noms des personnes qui interviennent le m\u00eame jour que lui.<\/p>\n<p>Si un b\u00e9n\u00e9vole choisit de mettre son nom dans le champ pseudo, son inscription sera visible de tous les autres b\u00e9n\u00e9voles.<\/p>\n<p>Le responsable de semaine \u00e0 acc\u00e8s \u00e0 toutes les informations de tous les b\u00e9n\u00e9voles.<\/p>\n\n\n<p><\/p>\n","protected":false},"excerpt":{"rendered":"<p>Cette page donne les \u00e9l\u00e9ments cl\u00e9s pour commencer \u00e0 utiliser l&#8217;application rapidement. Toute les fonctions qui sont r\u00e9put\u00e9s intuitives ne sont pas d\u00e9crites dans cette page. Seules les informations et fonctionnements difficile \u00e0 deviner sont d\u00e9crits. Reportez-vous \u00e0 la documentation d\u00e9taill\u00e9e \u00e0 l&#8217;attention des b\u00e9n\u00e9voles ou \u00e0 l&#8217;attention des responsables de semaine si vous ne &hellip;<\/p>\n<p class=\"read-more\"> <a class=\"\" href=\"https:\/\/dochs.ruyssen-paris.fr\/?page_id=341\"> <span class=\"screen-reader-text\">D\u00e9marrage rapide<\/span> Read More &raquo;<\/a><\/p>\n","protected":false},"author":1,"featured_media":0,"parent":0,"menu_order":0,"comment_status":"closed","ping_status":"closed","template":"","meta":{"footnotes":""},"class_list":["post-341","page","type-page","status-publish","hentry"],"_links":{"self":[{"href":"https:\/\/dochs.ruyssen-paris.fr\/index.php?rest_route=\/wp\/v2\/pages\/341","targetHints":{"allow":["GET"]}}],"collection":[{"href":"https:\/\/dochs.ruyssen-paris.fr\/index.php?rest_route=\/wp\/v2\/pages"}],"about":[{"href":"https:\/\/dochs.ruyssen-paris.fr\/index.php?rest_route=\/wp\/v2\/types\/page"}],"author":[{"embeddable":true,"href":"https:\/\/dochs.ruyssen-paris.fr\/index.php?rest_route=\/wp\/v2\/users\/1"}],"replies":[{"embeddable":true,"href":"https:\/\/dochs.ruyssen-paris.fr\/index.php?rest_route=%2Fwp%2Fv2%2Fcomments&post=341"}],"version-history":[{"count":20,"href":"https:\/\/dochs.ruyssen-paris.fr\/index.php?rest_route=\/wp\/v2\/pages\/341\/revisions"}],"predecessor-version":[{"id":557,"href":"https:\/\/dochs.ruyssen-paris.fr\/index.php?rest_route=\/wp\/v2\/pages\/341\/revisions\/557"}],"wp:attachment":[{"href":"https:\/\/dochs.ruyssen-paris.fr\/index.php?rest_route=%2Fwp%2Fv2%2Fmedia&parent=341"}],"curies":[{"name":"wp","href":"https:\/\/api.w.org\/{rel}","templated":true}]}}