{"id":212,"date":"2020-06-07T13:06:00","date_gmt":"2020-06-07T11:06:00","guid":{"rendered":"http:\/\/dochs.ruyssen-paris.fr\/?page_id=212"},"modified":"2023-11-12T18:54:47","modified_gmt":"2023-11-12T17:54:47","slug":"les-onglets-de-lapplication","status":"publish","type":"page","link":"https:\/\/dochs.ruyssen-paris.fr\/?page_id=212","title":{"rendered":"Les onglets de l&#8217;application"},"content":{"rendered":"<p>Les fonctions de l&#8217;application sont regroup\u00e9es en diff\u00e9rents onglets. Cette partie r\u00e9pond aux questions suivantes:<\/p>\n<ul>\n<li><a href=\"#AccedOnglet\">Comment acc\u00e9der aux onglets?<\/a><\/li>\n<li><a href=\"#Onglet\">Quelles sont les fonctions accessibles par onglet?<\/a>&nbsp;<\/li>\n<\/ul>\n\n\n<h3 class=\"wp-block-heading\" id=\"AccedOnglet\">Comment acc\u00e9der aux onglets?<\/h3>\n\n\n<p>Il y a deux mani\u00e8res d&#8217;acc\u00e9der aux onglets de l&#8217;applications. Via la barre d&#8217;onglets inf\u00e9rieure ou via le menu. Notez qu&#8217;en fonction des appareils le menu peut appara\u00eetre en haut \u00e0 gauche ou \u00e0 droite.<\/p>\n\n\n<div class=\"wp-block-image is-style-default\"><figure class=\"aligncenter size-large\"><img loading=\"lazy\" decoding=\"async\" width=\"528\" height=\"540\" src=\"https:\/\/dochs.ruyssen-paris.fr\/wp-content\/uploads\/2020\/06\/Menu-2.png\" alt=\"\" class=\"wp-image-289\" srcset=\"https:\/\/dochs.ruyssen-paris.fr\/wp-content\/uploads\/2020\/06\/Menu-2.png 528w, https:\/\/dochs.ruyssen-paris.fr\/wp-content\/uploads\/2020\/06\/Menu-2-293x300.png 293w\" sizes=\"auto, (max-width: 528px) 100vw, 528px\" \/><figcaption>Acc\u00e8s aux onglets de l&#8217;application<\/figcaption><\/figure><\/div>\n\n\n<p>La barre des onglets est toujours visible en bas de l&#8217;\u00e9cran.<\/p>\n<p>Les onglets du menu se sont visible qu&#8217;apr\u00e8s avoir appuy\u00e9 sur le menu repr\u00e9sent\u00e9 par les trois traits <img loading=\"lazy\" decoding=\"async\" class=\"alignnone size-full wp-image-215\" src=\"https:\/\/dochs.ruyssen-paris.fr\/wp-content\/uploads\/2020\/06\/Menu.png\" alt=\"\" width=\"35\" height=\"33\"> en haut de l&#8217;\u00e9cran.&nbsp;&nbsp;<\/p>\n\n\n<h3 class=\"wp-block-heading\" id=\"Onglet\">Quelles sont les fonctions accessibles par onglet?<\/h3>\n\n\n<p>Le tableau suivant pr\u00e9sente les fonctionnalit\u00e9s accessibles par chaque onglet. Attention ces fonctions sont accessibles ou non selon le <a href=\"https:\/\/dochs.ruyssen-paris.fr\/index.php\/les-profils\/\">profil<\/a> de l&#8217;utilisateur.<\/p>\n\n\n<figure class=\"wp-block-table aligncenter is-style-regular\"><table class=\"has-subtle-light-gray-background-color has-background\"><thead><tr><th class=\"has-text-align-center\" data-align=\"center\">Onglet<\/th><th>Fonctions accessibles par l&#8217;onglet<\/th><\/tr><\/thead><tbody><tr><td class=\"has-text-align-center\" data-align=\"center\"><img loading=\"lazy\" decoding=\"async\" width=\"150\" height=\"29\" class=\"wp-image-540\" style=\"width: 150px;\" src=\"https:\/\/dochs.ruyssen-paris.fr\/wp-content\/uploads\/2023\/11\/MenuRegValide.png\" alt=\"\" srcset=\"https:\/\/dochs.ruyssen-paris.fr\/wp-content\/uploads\/2023\/11\/MenuRegValide.png 369w, https:\/\/dochs.ruyssen-paris.fr\/wp-content\/uploads\/2023\/11\/MenuRegValide-300x59.png 300w\" sizes=\"auto, (max-width: 150px) 100vw, 150px\" \/><\/td><td>Consulter le r\u00e8glement d\u00e9j\u00e0 valid\u00e9 (<em>version 2023<\/em>)<\/td><\/tr><tr><td class=\"has-text-align-center\" data-align=\"center\"><img loading=\"lazy\" decoding=\"async\" width=\"56\" height=\"50\" class=\"wp-image-225\" style=\"width: 56px;\" src=\"https:\/\/dochs.ruyssen-paris.fr\/wp-content\/uploads\/2020\/06\/OngletBenevoles.png\" alt=\"\"><\/td><td>Consulter une fiche b\u00e9n\u00e9vole<br>Consulter les engagements des b\u00e9n\u00e9voles<br>Consulter les alertes planning<br>Modifier une fiche b\u00e9n\u00e9vole<br>Modifier les r\u00f4les que peut assurer un b\u00e9n\u00e9vole<br>Modifier les disponibilit\u00e9 d&#8217;un b\u00e9n\u00e9vole<\/td><\/tr><tr><td class=\"has-text-align-center\" data-align=\"center\"><img loading=\"lazy\" decoding=\"async\" width=\"120\" height=\"54\" class=\"wp-image-528\" style=\"width: 120px;\" src=\"https:\/\/dochs.ruyssen-paris.fr\/wp-content\/uploads\/2023\/11\/Reglement.png\" alt=\"\" srcset=\"https:\/\/dochs.ruyssen-paris.fr\/wp-content\/uploads\/2023\/11\/Reglement.png 372w, https:\/\/dochs.ruyssen-paris.fr\/wp-content\/uploads\/2023\/11\/Reglement-300x134.png 300w\" sizes=\"auto, (max-width: 120px) 100vw, 120px\" \/><\/td><td>Consulter le r\u00e8glement avant sa validation (<em>version 2023<\/em>)<\/td><\/tr><tr><td class=\"has-text-align-center\" data-align=\"center\"><img loading=\"lazy\" decoding=\"async\" width=\"48\" height=\"50\" class=\"wp-image-229\" style=\"width: 48px;\" src=\"https:\/\/dochs.ruyssen-paris.fr\/wp-content\/uploads\/2020\/06\/OngletPlanning.png\" alt=\"\"><\/td><td>Consulter le planning Hiver Solidaire<br>S&#8217;inscrire sur un r\u00f4le et un jour pr\u00e9cis<\/td><\/tr><tr><td class=\"has-text-align-center\" data-align=\"center\"><img loading=\"lazy\" decoding=\"async\" width=\"51\" height=\"48\" class=\"wp-image-234\" style=\"width: 51px;\" src=\"https:\/\/dochs.ruyssen-paris.fr\/wp-content\/uploads\/2020\/06\/OngletSemaine.png\" alt=\"\"><\/td><td>Consulter qui est responsable de semaine<br>Modifier qui est responsable de semaine<br>Consulter le planning d&#8217;une semaine<\/td><\/tr><tr><td class=\"has-text-align-center\" data-align=\"center\"><img loading=\"lazy\" decoding=\"async\" width=\"37\" height=\"45\" class=\"wp-image-227\" style=\"width: 37px;\" src=\"https:\/\/dochs.ruyssen-paris.fr\/wp-content\/uploads\/2020\/06\/OngletInfo.png\" alt=\"\"><\/td><td>Consulter les informations de la semaine<br>Modifier les informations de la semaine<br>Consulter les informations du jour<br>Modifier les informations du jour<\/td><\/tr><tr><td class=\"has-text-align-center\" data-align=\"center\"><img loading=\"lazy\" decoding=\"async\" width=\"106\" height=\"37\" class=\"wp-image-231\" style=\"width: 106px;\" src=\"https:\/\/dochs.ruyssen-paris.fr\/wp-content\/uploads\/2020\/06\/OngletRole.png\" alt=\"\"><\/td><td>Consulter la liste des r\u00f4les<br>Consulter la description d&#8217;un r\u00f4le<br>Modifier la description d&#8217;un r\u00f4le<br>Consulter la liste des b\u00e9n\u00e9voles pr\u00eats \u00e0 tenir un r\u00f4le<\/td><\/tr><tr><td class=\"has-text-align-center\" data-align=\"center\"><img loading=\"lazy\" decoding=\"async\" width=\"136\" height=\"35\" class=\"wp-image-230\" style=\"width: 136px;\" src=\"https:\/\/dochs.ruyssen-paris.fr\/wp-content\/uploads\/2020\/06\/OngletRecherche.png\" alt=\"\"><\/td><td>Recherche un b\u00e9n\u00e9vole pour un r\u00f4le et un jour donn\u00e9<\/td><\/tr><tr><td class=\"has-text-align-center\" data-align=\"center\"><img loading=\"lazy\" decoding=\"async\" width=\"150\" height=\"25\" class=\"wp-image-457\" style=\"width: 150px;\" src=\"https:\/\/dochs.ruyssen-paris.fr\/wp-content\/uploads\/2020\/08\/MessageSem.png\" alt=\"\"><\/td><td>Envoyer un message pour rechercher un b\u00e9n\u00e9vole<\/td><\/tr><tr><td class=\"has-text-align-center\" data-align=\"center\"><img loading=\"lazy\" decoding=\"async\" width=\"150\" height=\"27\" class=\"wp-image-287\" style=\"width: 150px;\" src=\"https:\/\/dochs.ruyssen-paris.fr\/wp-content\/uploads\/2020\/06\/OngletMsgSem.png\" alt=\"\"><\/td><td>Envoyer un message aux b\u00e9n\u00e9voles d&#8217;une semaine<\/td><\/tr><tr><td class=\"has-text-align-center\" data-align=\"center\"><img loading=\"lazy\" decoding=\"async\" width=\"150\" height=\"30\" class=\"wp-image-288\" style=\"width: 150px;\" src=\"https:\/\/dochs.ruyssen-paris.fr\/wp-content\/uploads\/2020\/06\/OngletMsgJour.png\" alt=\"\"><\/td><td>Envoyer un message aux b\u00e9n\u00e9voles d&#8217;un jour<\/td><\/tr><tr><td class=\"has-text-align-center\" data-align=\"center\"><img loading=\"lazy\" decoding=\"async\" width=\"120\" height=\"37\" class=\"wp-image-233\" style=\"width: 120px;\" src=\"https:\/\/dochs.ruyssen-paris.fr\/wp-content\/uploads\/2020\/06\/OngletSecurite.png\" alt=\"\"><\/td><td>Consulter la liste des utilisateurs connect\u00e9s<br>Voir si l&#8217;un des utilisateurs est inconnu<\/td><\/tr><tr><td class=\"has-text-align-center\" data-align=\"center\"><img loading=\"lazy\" decoding=\"async\" width=\"150\" height=\"22\" class=\"wp-image-539\" style=\"width: 150px;\" src=\"https:\/\/dochs.ruyssen-paris.fr\/wp-content\/uploads\/2023\/11\/ValidDuReg.png\" alt=\"\" srcset=\"https:\/\/dochs.ruyssen-paris.fr\/wp-content\/uploads\/2023\/11\/ValidDuReg.png 568w, https:\/\/dochs.ruyssen-paris.fr\/wp-content\/uploads\/2023\/11\/ValidDuReg-300x43.png 300w\" sizes=\"auto, (max-width: 150px) 100vw, 150px\" \/><\/td><td>Page de validation du r\u00e8glement si non d\u00e9j\u00e0 valid\u00e9 (<em>version 2023<\/em>)<\/td><\/tr><\/tbody><\/table><figcaption>Tableau des onglets et des fonctions accessibles via chaque onglet<\/figcaption><\/figure>\n\n\n\n<p><\/p>\n","protected":false},"excerpt":{"rendered":"<p>Les fonctions de l&#8217;application sont regroup\u00e9es en diff\u00e9rents onglets. Cette partie r\u00e9pond aux questions suivantes: Comment acc\u00e9der aux onglets? Quelles sont les fonctions accessibles par onglet?&nbsp; Comment acc\u00e9der aux onglets? Il y a deux mani\u00e8res d&#8217;acc\u00e9der aux onglets de l&#8217;applications. Via la barre d&#8217;onglets inf\u00e9rieure ou via le menu. Notez qu&#8217;en fonction des appareils le &hellip;<\/p>\n<p class=\"read-more\"> <a class=\"\" href=\"https:\/\/dochs.ruyssen-paris.fr\/?page_id=212\"> <span class=\"screen-reader-text\">Les onglets de l&#8217;application<\/span> Read More &raquo;<\/a><\/p>\n","protected":false},"author":1,"featured_media":0,"parent":0,"menu_order":0,"comment_status":"closed","ping_status":"closed","template":"","meta":{"footnotes":""},"class_list":["post-212","page","type-page","status-publish","hentry"],"_links":{"self":[{"href":"https:\/\/dochs.ruyssen-paris.fr\/index.php?rest_route=\/wp\/v2\/pages\/212","targetHints":{"allow":["GET"]}}],"collection":[{"href":"https:\/\/dochs.ruyssen-paris.fr\/index.php?rest_route=\/wp\/v2\/pages"}],"about":[{"href":"https:\/\/dochs.ruyssen-paris.fr\/index.php?rest_route=\/wp\/v2\/types\/page"}],"author":[{"embeddable":true,"href":"https:\/\/dochs.ruyssen-paris.fr\/index.php?rest_route=\/wp\/v2\/users\/1"}],"replies":[{"embeddable":true,"href":"https:\/\/dochs.ruyssen-paris.fr\/index.php?rest_route=%2Fwp%2Fv2%2Fcomments&post=212"}],"version-history":[{"count":20,"href":"https:\/\/dochs.ruyssen-paris.fr\/index.php?rest_route=\/wp\/v2\/pages\/212\/revisions"}],"predecessor-version":[{"id":546,"href":"https:\/\/dochs.ruyssen-paris.fr\/index.php?rest_route=\/wp\/v2\/pages\/212\/revisions\/546"}],"wp:attachment":[{"href":"https:\/\/dochs.ruyssen-paris.fr\/index.php?rest_route=%2Fwp%2Fv2%2Fmedia&parent=212"}],"curies":[{"name":"wp","href":"https:\/\/api.w.org\/{rel}","templated":true}]}}