{"id":181,"date":"2020-06-06T22:46:39","date_gmt":"2020-06-06T20:46:39","guid":{"rendered":"http:\/\/dochs.ruyssen-paris.fr\/?page_id=181"},"modified":"2025-05-05T11:41:56","modified_gmt":"2025-05-05T09:41:56","slug":"les-roles","status":"publish","type":"page","link":"https:\/\/dochs.ruyssen-paris.fr\/?page_id=181","title":{"rendered":"Les r\u00f4les"},"content":{"rendered":"<p>La notion de <strong>r\u00f4le<\/strong> correspond aux diff\u00e9rents engagements que les b\u00e9n\u00e9voles peuvent prendre dans le cadre de l&#8217;activit\u00e9 Hiver Solidaire. Ce guide r\u00e9pond aux questions suivantes:<\/p>\n<ul>\n<li><a href=\"#servir\">A quoi servent les r\u00f4les?<\/a><\/li>\n<li><a href=\"#etre\">Quels sont les diff\u00e9rents r\u00f4les possibles?<\/a><\/li>\n<li><a href=\"#comment\">Comment attribuer un r\u00f4le \u00e0 un b\u00e9n\u00e9vole?<\/a><\/li>\n<li><a href=\"#liste\">Comment avoir la liste des b\u00e9n\u00e9voles qui sont pr\u00eats \u00e0 assurer un r\u00f4le?<\/a><\/li>\n<\/ul>\n<p>La notion de r\u00f4le est utilis\u00e9e \u00e0 deux endroits dans l&#8217;application:<\/p>\n<ul>\n<li>Pour indiquer le r\u00f4le qu&#8217;un b\u00e9n\u00e9vole est pr\u00eat \u00e0 tenir sans pour autant \u00eatre engag\u00e9 sur un jour pr\u00e9cis. Vous reporter \u00e0 la rubrique &#8220;<a href=\"https:\/\/dochs.ruyssen-paris.fr\/?page_id=401#modifrole\">Modifier les r\u00f4les que peut assurer un b\u00e9n\u00e9vole<\/a>&#8221; pour en savoir plus.<\/li>\n<li>Pour indiquer le r\u00f4le qu&#8217;un b\u00e9n\u00e9vole va tenir un jour pr\u00e9cis. Vous reporter \u00e0 la rubrique &#8220;<a href=\"https:\/\/dochs.ruyssen-paris.fr\/?page_id=263#InscrireJour\">S\u2019inscrire sur un r\u00f4le et un jour pr\u00e9cis<\/a>&#8221;\u00a0pour en savoir plus.<\/li>\n<\/ul>\n\n\n<h2 class=\"wp-block-heading\" id=\"servir\">A quoi servent les r\u00f4les?<\/h2>\n\n\n<p>Les r\u00f4les permettent d&#8217;organiser l&#8217;activit\u00e9 Hiver Solidaire et de s&#8217;assurer que chaque b\u00e9n\u00e9vole saura bien la mission qu&#8217;il devra tenir.<\/p>\n\n\n<h2 class=\"wp-block-heading\" id=\"etre\">Quels sont les diff\u00e9rents r\u00f4les possibles?<\/h2>\n\n\n<p>Voici les r\u00f4les possibles:<\/p>\n<ul>\n<li>Marthe<\/li>\n<li>Marie<\/li>\n<li>Lazare<\/li>\n<li>Pierre<\/li>\n<li>V\u00e9ronique<\/li>\n<li>RespSem<\/li>\n<\/ul>\n<p>La liste des r\u00f4les est accessible \u00e0 tous les utilisateurs dans l&#8217;onglet r\u00f4le.<\/p>\n\n<div class=\"wp-block-image\">\n<figure class=\"aligncenter is-resized\"><img loading=\"lazy\" decoding=\"async\" width=\"534\" height=\"546\" src=\"https:\/\/dochs.ruyssen-paris.fr\/wp-content\/uploads\/2020\/06\/EcranRole.png\" alt=\"\" class=\"wp-image-182\" style=\"width:485px;height:496px\" srcset=\"https:\/\/dochs.ruyssen-paris.fr\/wp-content\/uploads\/2020\/06\/EcranRole.png 534w, https:\/\/dochs.ruyssen-paris.fr\/wp-content\/uploads\/2020\/06\/EcranRole-293x300.png 293w\" sizes=\"auto, (max-width: 534px) 100vw, 534px\" \/><figcaption class=\"wp-element-caption\">Afficher les r\u00f4les possibles<\/figcaption><\/figure><\/div>\n\n<p>Pour avoie la description de chaque r\u00f4le, s\u00e9lectionner le r\u00f4le pour acc\u00e9der \u00e0 son d\u00e9tail.<\/p>\n\n<div class=\"wp-block-image\">\n<figure class=\"aligncenter size-large is-resized\"><img loading=\"lazy\" decoding=\"async\" width=\"507\" height=\"540\" src=\"https:\/\/dochs.ruyssen-paris.fr\/wp-content\/uploads\/2020\/06\/RoleDetail-1.png\" alt=\"\" class=\"wp-image-189\" style=\"width:477px;height:508px\" srcset=\"https:\/\/dochs.ruyssen-paris.fr\/wp-content\/uploads\/2020\/06\/RoleDetail-1.png 507w, https:\/\/dochs.ruyssen-paris.fr\/wp-content\/uploads\/2020\/06\/RoleDetail-1-282x300.png 282w\" sizes=\"auto, (max-width: 507px) 100vw, 507px\" \/><figcaption class=\"wp-element-caption\">Acc\u00e8s au d\u00e9tail des r\u00f4les<\/figcaption><\/figure><\/div>\n\n\n<h2 class=\"wp-block-heading\" id=\"comment\">Comment attribuer un r\u00f4le \u00e0 un b\u00e9n\u00e9vole?<\/h2>\n\n\n<p>Cette fonction est accessible aux responsables de semaine. Se reporter \u00e0 la rubrique &#8220;<a href=\"https:\/\/dochs.ruyssen-paris.fr\/?page_id=401#modifrole\">Modifier les r\u00f4les que peut assurer un b\u00e9n\u00e9vole<\/a>&#8221; pour en savoir plus.\u00a0<\/p>\n\n\n<h2 class=\"wp-block-heading\" id=\"liste\">Comment avoir la liste des b\u00e9n\u00e9voles qui sont pr\u00eats \u00e0 assurer un r\u00f4le?<\/h2>\n\n\n<p>Cette fonctionnalit\u00e9 n&#8217;est accessible qu&#8217;aux utilisateurs qui ont le <a href=\"https:\/\/dochs.ruyssen-paris.fr\/?page_id=178\">profil<\/a> coordinateur dans l&#8217;application, c&#8217;est \u00e0 dire aux responsables de semaine. Voir la rubrique &#8220;<a href=\"https:\/\/dochs.ruyssen-paris.fr\/?page_id=401#listben\">Consulter la liste des b\u00e9n\u00e9voles pr\u00eats \u00e0 tenir un r\u00f4le<\/a>&#8220;.<\/p>","protected":false},"excerpt":{"rendered":"<p>La notion de r\u00f4le correspond aux diff\u00e9rents engagements que les b\u00e9n\u00e9voles peuvent prendre dans le cadre de l&#8217;activit\u00e9 Hiver Solidaire. Ce guide r\u00e9pond aux questions suivantes: A quoi servent les r\u00f4les? Quels sont les diff\u00e9rents r\u00f4les possibles? Comment attribuer un r\u00f4le \u00e0 un b\u00e9n\u00e9vole? Comment avoir la liste des b\u00e9n\u00e9voles qui sont pr\u00eats \u00e0 assurer &hellip;<\/p>\n<p class=\"read-more\"> <a class=\"\" href=\"https:\/\/dochs.ruyssen-paris.fr\/?page_id=181\"> <span class=\"screen-reader-text\">Les r\u00f4les<\/span> Read More &raquo;<\/a><\/p>\n","protected":false},"author":1,"featured_media":0,"parent":0,"menu_order":0,"comment_status":"closed","ping_status":"closed","template":"","meta":{"footnotes":""},"class_list":["post-181","page","type-page","status-publish","hentry"],"_links":{"self":[{"href":"https:\/\/dochs.ruyssen-paris.fr\/index.php?rest_route=\/wp\/v2\/pages\/181","targetHints":{"allow":["GET"]}}],"collection":[{"href":"https:\/\/dochs.ruyssen-paris.fr\/index.php?rest_route=\/wp\/v2\/pages"}],"about":[{"href":"https:\/\/dochs.ruyssen-paris.fr\/index.php?rest_route=\/wp\/v2\/types\/page"}],"author":[{"embeddable":true,"href":"https:\/\/dochs.ruyssen-paris.fr\/index.php?rest_route=\/wp\/v2\/users\/1"}],"replies":[{"embeddable":true,"href":"https:\/\/dochs.ruyssen-paris.fr\/index.php?rest_route=%2Fwp%2Fv2%2Fcomments&post=181"}],"version-history":[{"count":14,"href":"https:\/\/dochs.ruyssen-paris.fr\/index.php?rest_route=\/wp\/v2\/pages\/181\/revisions"}],"predecessor-version":[{"id":562,"href":"https:\/\/dochs.ruyssen-paris.fr\/index.php?rest_route=\/wp\/v2\/pages\/181\/revisions\/562"}],"wp:attachment":[{"href":"https:\/\/dochs.ruyssen-paris.fr\/index.php?rest_route=%2Fwp%2Fv2%2Fmedia&parent=181"}],"curies":[{"name":"wp","href":"https:\/\/api.w.org\/{rel}","templated":true}]}}