{"id":178,"date":"2020-06-06T22:21:18","date_gmt":"2020-06-06T20:21:18","guid":{"rendered":"http:\/\/dochs.ruyssen-paris.fr\/?page_id=178"},"modified":"2023-11-12T18:38:20","modified_gmt":"2023-11-12T17:38:20","slug":"les-profils","status":"publish","type":"page","link":"https:\/\/dochs.ruyssen-paris.fr\/?page_id=178","title":{"rendered":"Les profils"},"content":{"rendered":"<p>La notion de profils d\u00e9finit ce que l&#8217;utilisateur de l&#8217;application peut faire ou ne pas faire, voir ou ne pas voir. Ce guide r\u00e9pond aux questions suivantes:<\/p>\n<ul>\n<li><a href=\"#aquoisert\">A quoi servent les profils ?<\/a><\/li>\n<li><a href=\"#quelssont\">Quels sont les profils possibles ?<\/a><\/li>\n<li><a href=\"#quellesposs\">Quels sont les possibilit\u00e9s offertes par chaque profil ?<\/a><\/li>\n<li><a href=\"#commentattr\">Comment attribuer un profil \u00e0 un utilisateur ?<\/a><\/li>\n<li><a href=\"#commentconn\">Comment conna\u00eetre le profil attribu\u00e9 \u00e0 un utilisateur?<\/a><\/li>\n<\/ul>\n\n\n<h2 class=\"wp-block-heading\" id=\"aquoisert\">A quoi servent les profils ?<\/h2>\n\n\n<p>Les profils sont importants car ils permettent de limiter les actions possibles et les informations visibles en fonction des utilisateurs. Cela permet d&#8217;assurer la confidentialit\u00e9 de certaines informations personnelles. Cela permet \u00e9galement de limiter les risques de supprimer par erreur des informations importantes par des utilisateurs qui ne ma\u00eetrisent pas bien l&#8217;applications.&nbsp;<\/p>\n\n\n<h2 class=\"wp-block-heading\" id=\"quelssont\">Quels sont les profils ?<\/h2>\n\n\n<p>Trois profils sont d\u00e9finis dans l&#8217;application.<\/p>\n<ul>\n<li>Le profil <strong>B\u00e9n\u00e9vole<\/strong> est le profil adapt\u00e9 \u00e0 l&#8217;ensemble des b\u00e9n\u00e9voles d&#8217;Hiver Solidaire. Il permet de consulter le planning et de s&#8217;inscrire. Il n&#8217;a acc\u00e8s qu&#8217;\u00e0 ses propres informations.<\/li>\n<li>Le profil <strong>Coordinateur<\/strong> est adapt\u00e9 aux responsables de semaines. Il permet de consulter l&#8217;ensemble des informations concernant les b\u00e9n\u00e9voles.<\/li>\n<li>Le profil <strong>Administrateur<\/strong> est adapt\u00e9 au responsable Hiver Solidaire.<\/li>\n<\/ul>\n\n\n<h2 class=\"wp-block-heading\" id=\"quellesposs\">Quels sont les possibilit\u00e9s offertes par chaque profil?<\/h2>\n\n\n<p>Le tableau suivant pr\u00e9cise les fonctions possibles en fonction des profils.<\/p>\n\n\n<figure class=\"wp-block-table\"><table class=\"has-subtle-light-gray-background-color has-background\"><thead><tr><th>Fonction<\/th><th class=\"has-text-align-center\" data-align=\"center\">R\u00f4le<\/th><\/tr><\/thead><tbody><tr><td><span class=\"has-inline-color has-vivid-green-cyan-color\"><strong>B\u00e9n\u00e9voles<\/strong> <\/span>&#8211; Consulter sa propre fiche b\u00e9n\u00e9vole<\/td><td class=\"has-text-align-center\" data-align=\"center\"><strong><span class=\"has-inline-color has-vivid-green-cyan-color\">Ben<\/span><\/strong><\/td><\/tr><tr><td><strong><span class=\"has-inline-color has-vivid-green-cyan-color\">B\u00e9n\u00e9voles <\/span><\/strong>&#8211; Consulter ses propres engagements<\/td><td class=\"has-text-align-center\" data-align=\"center\"><strong><span class=\"has-inline-color has-vivid-green-cyan-color\">Ben<\/span><\/strong><\/td><\/tr><tr><td><strong><span class=\"has-inline-color has-vivid-cyan-blue-color\">B\u00e9n\u00e9voles<\/span><\/strong> &#8211; Consulter la ficher d&#8217;un autre b\u00e9n\u00e9vole<\/td><td class=\"has-text-align-center\" data-align=\"center\"><strong><span class=\"has-inline-color has-vivid-cyan-blue-color\">Coo<\/span><\/strong><\/td><\/tr><tr><td><strong><span class=\"has-inline-color has-vivid-cyan-blue-color\">B\u00e9n\u00e9voles<\/span><\/strong> &#8211; Consulter les engagements d&#8217;un b\u00e9n\u00e9vole<\/td><td class=\"has-text-align-center\" data-align=\"center\"><strong><span class=\"has-inline-color has-vivid-cyan-blue-color\">Coo<\/span><\/strong><\/td><\/tr><tr><td><strong><span class=\"has-inline-color has-vivid-cyan-blue-color\">B\u00e9n\u00e9voles<\/span><\/strong> &#8211; Consulter les alertes planning par semaine<\/td><td class=\"has-text-align-center\" data-align=\"center\"><strong><span class=\"has-inline-color has-vivid-cyan-blue-color\">Coo<\/span><\/strong><\/td><\/tr><tr><td><strong><span class=\"has-inline-color has-vivid-cyan-blue-color\">B\u00e9n\u00e9voles<\/span><\/strong> &#8211; Modifier une fiche b\u00e9n\u00e9vole<\/td><td class=\"has-text-align-center\" data-align=\"center\"><strong><span class=\"has-inline-color has-vivid-cyan-blue-color\">Coo<\/span><\/strong><\/td><\/tr><tr><td><strong><span class=\"has-inline-color has-vivid-cyan-blue-color\">B\u00e9n\u00e9voles <\/span><\/strong>&#8211; Modifier les r\u00f4les que peut assurer un b\u00e9n\u00e9vole<\/td><td class=\"has-text-align-center\" data-align=\"center\"><strong><span class=\"has-inline-color has-vivid-cyan-blue-color\">Coo<\/span><\/strong><\/td><\/tr><tr><td><strong><span class=\"has-inline-color has-vivid-cyan-blue-color\">B\u00e9n\u00e9voles<\/span> <\/strong>&#8211; Modifier les disponibilit\u00e9 d&#8217;un b\u00e9n\u00e9vole<\/td><td class=\"has-text-align-center\" data-align=\"center\"><strong><span class=\"has-inline-color has-vivid-cyan-blue-color\">Coo<\/span><\/strong><\/td><\/tr><tr><td><span class=\"has-inline-color has-vivid-green-cyan-color\"><strong>Planning<\/strong> <\/span>&#8211; Consulter la vue d&#8217;ensemble du planning<\/td><td class=\"has-text-align-center\" data-align=\"center\"><strong><span class=\"has-inline-color has-vivid-green-cyan-color\">Ben<\/span><\/strong><\/td><\/tr><tr><td><strong><span class=\"has-inline-color has-vivid-green-cyan-color\">Planning<\/span><\/strong> &#8211; Filtrer la vue d&#8217;ensemble du planning par jour ou mois<\/td><td class=\"has-text-align-center\" data-align=\"center\"><strong><span class=\"has-inline-color has-vivid-green-cyan-color\">Ben<\/span><\/strong><\/td><\/tr><tr><td><strong><span class=\"has-inline-color has-vivid-green-cyan-color\">Planning <\/span><\/strong>&#8211; Filtrer la vue d&#8217;ensemble du planning selon ses favoris<\/td><td class=\"has-text-align-center\" data-align=\"center\"><strong><span class=\"has-inline-color has-vivid-green-cyan-color\">Ben<\/span><\/strong><\/td><\/tr><tr><td><span class=\"has-inline-color has-vivid-green-cyan-color\"><strong>Planning<\/strong> <\/span>&#8211; Consulter les b\u00e9n\u00e9voles inscrits un jour et voir leur pseudo<\/td><td class=\"has-text-align-center\" data-align=\"center\"><strong><span class=\"has-inline-color has-vivid-green-cyan-color\">Ben<\/span><\/strong><\/td><\/tr><tr><td><strong><span class=\"has-inline-color has-vivid-green-cyan-color\">Planning <\/span><\/strong>&#8211; Indiquer un jour comme favori<\/td><td class=\"has-text-align-center\" data-align=\"center\"><strong><span class=\"has-inline-color has-vivid-green-cyan-color\">Ben<\/span><\/strong><\/td><\/tr><tr><td><strong><span class=\"has-inline-color has-vivid-cyan-blue-color\">Planning <\/span><\/strong>&#8211; Consulter les b\u00e9n\u00e9voles inscrits un jour et voir leur Nom<\/td><td class=\"has-text-align-center\" data-align=\"center\"><span class=\"has-inline-color has-vivid-cyan-blue-color\"><strong>Coo<\/strong><\/span><\/td><\/tr><tr><td><span class=\"has-inline-color has-vivid-green-cyan-color\"><strong>Planning<\/strong> <\/span>&#8211; S&#8217;inscrire sur un r\u00f4le et un jour pr\u00e9cis<\/td><td class=\"has-text-align-center\" data-align=\"center\"><strong><span class=\"has-inline-color has-vivid-green-cyan-color\">Ben<\/span><\/strong><\/td><\/tr><tr><td><span class=\"has-inline-color has-vivid-green-cyan-color\"><strong>Planning<\/strong> <\/span>&#8211; Laisser un commentaire pour un jour pr\u00e9cis<\/td><td class=\"has-text-align-center\" data-align=\"center\"><span class=\"has-inline-color has-vivid-green-cyan-color\"><strong>Ben<\/strong><\/span><\/td><\/tr><tr><td><strong><span class=\"has-inline-color has-vivid-cyan-blue-color\">Planning<\/span> <\/strong>&#8211; D\u00e9l\u00e9gation d&#8217;inscription au planning <\/td><td class=\"has-text-align-center\" data-align=\"center\"><strong><span class=\"has-inline-color has-vivid-cyan-blue-color\">Coo<\/span><\/strong><\/td><\/tr><tr><td><strong><span class=\"has-inline-color has-vivid-green-cyan-color\">Planning <\/span><\/strong>&#8211; Affichage d&#8217;une alerte planning<\/td><td class=\"has-text-align-center\" data-align=\"center\"><strong><span class=\"has-inline-color has-vivid-green-cyan-color\">Ben<\/span><\/strong><\/td><\/tr><tr><td><span class=\"has-inline-color has-vivid-green-cyan-color\"><strong>Semaines<\/strong> <\/span>&#8211; Consulter qui est responsable de semaine<\/td><td class=\"has-text-align-center\" data-align=\"center\"><strong><span class=\"has-inline-color has-vivid-green-cyan-color\">Ben<\/span><\/strong><\/td><\/tr><tr><td><strong><span class=\"has-inline-color has-vivid-cyan-blue-color\">Semaines <\/span><\/strong>&#8211; Modifier qui est responsable de semaine<\/td><td class=\"has-text-align-center\" data-align=\"center\"><strong><span class=\"has-inline-color has-vivid-cyan-blue-color\">Coo<\/span><\/strong><\/td><\/tr><tr><td><strong><span class=\"has-inline-color has-vivid-green-cyan-color\">Semaines <\/span><\/strong>&#8211; Consulter le planning d&#8217;une semaine<\/td><td class=\"has-text-align-center\" data-align=\"center\"><strong><span class=\"has-inline-color has-vivid-green-cyan-color\">Ben<\/span><\/strong><\/td><\/tr><tr><td><strong><span class=\"has-inline-color has-vivid-green-cyan-color\">Info <\/span><\/strong>&#8211; Consulter les informations de la semaine<\/td><td class=\"has-text-align-center\" data-align=\"center\"><strong><span class=\"has-inline-color has-vivid-green-cyan-color\">Ben<\/span><\/strong><\/td><\/tr><tr><td><strong><span class=\"has-inline-color has-vivid-cyan-blue-color\">Info <\/span><\/strong>&#8211; Modifier les informations de la semaine<\/td><td class=\"has-text-align-center\" data-align=\"center\"><strong><span class=\"has-inline-color has-vivid-cyan-blue-color\">Coo<\/span><\/strong><\/td><\/tr><tr><td><span class=\"has-inline-color has-vivid-green-cyan-color\"><strong>Info <\/strong><\/span>&#8211; Consulter les informations de la veille<\/td><td class=\"has-text-align-center\" data-align=\"center\"><span class=\"has-inline-color has-vivid-green-cyan-color\"><strong>Ben<\/strong><\/span><\/td><\/tr><tr><td><strong><span class=\"has-inline-color has-vivid-green-cyan-color\">Info <\/span><\/strong>&#8211; Modifier les informations de la veille<\/td><td class=\"has-text-align-center\" data-align=\"center\"><span class=\"has-inline-color has-vivid-green-cyan-color\"><strong>Ben<\/strong><\/span><\/td><\/tr><tr><td><strong><span class=\"has-inline-color has-vivid-green-cyan-color\">R\u00f4les <\/span><\/strong>&#8211; Consulter la liste des r\u00f4les<\/td><td class=\"has-text-align-center\" data-align=\"center\"><span class=\"has-inline-color has-vivid-green-cyan-color\"><strong>Ben<\/strong><\/span><\/td><\/tr><tr><td><span class=\"has-inline-color has-vivid-green-cyan-color\"><strong>R\u00f4les<\/strong> <\/span>&#8211; Consulter la description d&#8217;un r\u00f4le<\/td><td class=\"has-text-align-center\" data-align=\"center\"><strong><span class=\"has-inline-color has-vivid-green-cyan-color\">Ben<\/span><\/strong><\/td><\/tr><tr><td><span class=\"has-inline-color has-vivid-purple-color\"><strong>R\u00f4les<\/strong> <\/span>&#8211; Modifier la description d&#8217;un r\u00f4le<\/td><td class=\"has-text-align-center\" data-align=\"center\"><strong><span class=\"has-inline-color has-vivid-purple-color\">Adm<\/span><\/strong><\/td><\/tr><tr><td><strong><span class=\"has-inline-color has-vivid-cyan-blue-color\">R\u00f4les<\/span><\/strong> &#8211; Consulter la liste des b\u00e9n\u00e9voles pr\u00eats \u00e0 tenir un r\u00f4le<\/td><td class=\"has-text-align-center\" data-align=\"center\"><strong><span class=\"has-inline-color has-vivid-cyan-blue-color\">Coo<\/span><\/strong><\/td><\/tr><tr><td><span class=\"has-inline-color has-vivid-cyan-blue-color\"><strong>Recherche<\/strong> <\/span>&#8211; Recherche d&#8217;un b\u00e9n\u00e9vole pour un r\u00f4le et un jour donn\u00e9<\/td><td class=\"has-text-align-center\" data-align=\"center\"><strong><span class=\"has-inline-color has-vivid-cyan-blue-color\">Coo<\/span><\/strong><\/td><\/tr><tr><td><strong><span class=\"has-inline-color has-vivid-cyan-blue-color\">Message Recherche<\/span><\/strong> &#8211; Envoyer un message pour chercher un b\u00e9n\u00e9vole pour une jour<\/td><td class=\"has-text-align-center\" data-align=\"center\"><span class=\"has-inline-color has-vivid-cyan-blue-color\"><strong>Coo<\/strong><\/span><\/td><\/tr><tr><td><strong><span class=\"has-inline-color has-vivid-cyan-blue-color\">Message de semaine<\/span><\/strong> &#8211; Envoyer un message aux b\u00e9n\u00e9voles d&#8217;une semaine<\/td><td class=\"has-text-align-center\" data-align=\"center\"><strong><span class=\"has-inline-color has-vivid-cyan-blue-color\">Coo<\/span><\/strong><\/td><\/tr><tr><td><strong><span class=\"has-inline-color has-vivid-cyan-blue-color\">Message de jour<\/span><\/strong> &#8211; Envoyer un message aux b\u00e9n\u00e9voles d&#8217;un jour<\/td><td class=\"has-text-align-center\" data-align=\"center\"><strong><span class=\"has-inline-color has-vivid-cyan-blue-color\">Coo<\/span><\/strong><\/td><\/tr><tr><td><strong><span class=\"has-inline-color has-vivid-purple-color\">Statistiques <\/span><\/strong>&#8211; Acc\u00e9der \u00e0 des statistiques d&#8217;utilisation de l&#8217;application<\/td><td class=\"has-text-align-center\" data-align=\"center\"><strong><span class=\"has-inline-color has-vivid-purple-color\">Adm<\/span><\/strong><\/td><\/tr><tr><td><strong><span class=\"has-inline-color has-vivid-cyan-blue-color\">S\u00e9curit\u00e9<\/span><\/strong> &#8211; Consulter la liste des utilisateurs connect\u00e9s<\/td><td class=\"has-text-align-center\" data-align=\"center\"><strong><span class=\"has-inline-color has-vivid-cyan-blue-color\">Coo<\/span><\/strong><\/td><\/tr><tr><td><strong><span class=\"has-inline-color has-vivid-purple-color\">S\u00e9curit\u00e9<\/span> <\/strong>&#8211; Voir si l&#8217;un des utilisateurs est inconnu<\/td><td class=\"has-text-align-center\" data-align=\"center\"><strong><span class=\"has-inline-color has-vivid-purple-color\">Adm<\/span><\/strong><\/td><\/tr><tr><td><strong><span class=\"has-inline-color has-vivid-green-cyan-color\">Aide  <\/span><\/strong>&#8211; Acc\u00e9der \u00e0 l&#8217;aide en ligne<\/td><td class=\"has-text-align-center\" data-align=\"center\"><strong><span class=\"has-inline-color has-vivid-green-cyan-color\">Ben<\/span><\/strong><\/td><\/tr><tr><td><strong><span class=\"has-inline-color has-vivid-green-cyan-color\">Demande de support<\/span><\/strong> &#8211; Envoyer une message pour demander de l&#8217;aide<\/td><td class=\"has-text-align-center\" data-align=\"center\"><strong><span class=\"has-inline-color has-vivid-green-cyan-color\">Ben<\/span><\/strong><\/td><\/tr><tr><td><strong><span class=\"has-inline-color has-vivid-green-cyan-color\">R\u00e8glement \u00e0 valider<\/span><\/strong> &#8211; Consulter le r\u00e8glement afin de le valid\u00e9 (affich\u00e9 si le b\u00e9n\u00e9vole n&#8217;a pas encore valid\u00e9) &#8211; <em>Version 2023<\/em><\/td><td class=\"has-text-align-center\" data-align=\"center\"><strong><span class=\"has-inline-color has-vivid-green-cyan-color\">Ben<\/span><\/strong><\/td><\/tr><tr><td><strong><span class=\"has-inline-color has-vivid-green-cyan-color\">Validation du r\u00e8glement<\/span><\/strong> &#8211; Ecran de validation des mentions l\u00e9gales et du r\u00e8glement (affich\u00e9 si non d\u00e9j\u00e0 valid\u00e9) &#8211; <em>Version 2023<\/em><\/td><td class=\"has-text-align-center\" data-align=\"center\"><strong><span class=\"has-inline-color has-vivid-green-cyan-color\">Ben<\/span><\/strong><\/td><\/tr><tr><td><strong><span class=\"has-inline-color has-vivid-green-cyan-color\">R\u00e8glement valid\u00e9<\/span><\/strong> &#8211; Liste des pages de r\u00e8glement d\u00e9j\u00e0 valid\u00e9 par le b\u00e9n\u00e9vole &#8211; <em>Version 2023<\/em><\/td><td class=\"has-text-align-center\" data-align=\"center\"><strong><span class=\"has-inline-color has-vivid-green-cyan-color\">Ben<\/span><\/strong><\/td><\/tr><\/tbody><\/table><figcaption>Tableau des fonctions accessibles par profils : Ben ( B\u00e9n\u00e9voles) &#8211; Coo (Coordinateur) &#8211; Adm (Administrateur)<\/figcaption><\/figure>\n\n\n\n<h2 class=\"wp-block-heading\" id=\"commentattr\">Comment attribuer un profil \u00e0 un utilisateur?<\/h2>\n\n\n<p>Dans la version actuelle, l&#8217;attribution d&#8217;un profil \u00e0 un utilisateur ne se fait pas par l&#8217;application.<\/p>\n\n\n<h2 class=\"wp-block-heading\" id=\"commentconn\">Comment conna\u00eetre le profil attribu\u00e9 \u00e0 un utilisateur?<\/h2>\n\n\n<p>Dans la version actuelle, l&#8217;affichage du profil d&#8217;un utilisateur n&#8217;est pas possible par l&#8217;application.<\/p>\n\n\n<p><\/p>\n","protected":false},"excerpt":{"rendered":"<p>La notion de profils d\u00e9finit ce que l&#8217;utilisateur de l&#8217;application peut faire ou ne pas faire, voir ou ne pas voir. Ce guide r\u00e9pond aux questions suivantes: A quoi servent les profils ? Quels sont les profils possibles ? Quels sont les possibilit\u00e9s offertes par chaque profil ? Comment attribuer un profil \u00e0 un utilisateur &hellip;<\/p>\n<p class=\"read-more\"> <a class=\"\" href=\"https:\/\/dochs.ruyssen-paris.fr\/?page_id=178\"> <span class=\"screen-reader-text\">Les profils<\/span> Read More &raquo;<\/a><\/p>\n","protected":false},"author":1,"featured_media":0,"parent":0,"menu_order":0,"comment_status":"closed","ping_status":"closed","template":"","meta":{"footnotes":""},"class_list":["post-178","page","type-page","status-publish","hentry"],"_links":{"self":[{"href":"https:\/\/dochs.ruyssen-paris.fr\/index.php?rest_route=\/wp\/v2\/pages\/178","targetHints":{"allow":["GET"]}}],"collection":[{"href":"https:\/\/dochs.ruyssen-paris.fr\/index.php?rest_route=\/wp\/v2\/pages"}],"about":[{"href":"https:\/\/dochs.ruyssen-paris.fr\/index.php?rest_route=\/wp\/v2\/types\/page"}],"author":[{"embeddable":true,"href":"https:\/\/dochs.ruyssen-paris.fr\/index.php?rest_route=\/wp\/v2\/users\/1"}],"replies":[{"embeddable":true,"href":"https:\/\/dochs.ruyssen-paris.fr\/index.php?rest_route=%2Fwp%2Fv2%2Fcomments&post=178"}],"version-history":[{"count":39,"href":"https:\/\/dochs.ruyssen-paris.fr\/index.php?rest_route=\/wp\/v2\/pages\/178\/revisions"}],"predecessor-version":[{"id":536,"href":"https:\/\/dochs.ruyssen-paris.fr\/index.php?rest_route=\/wp\/v2\/pages\/178\/revisions\/536"}],"wp:attachment":[{"href":"https:\/\/dochs.ruyssen-paris.fr\/index.php?rest_route=%2Fwp%2Fv2%2Fmedia&parent=178"}],"curies":[{"name":"wp","href":"https:\/\/api.w.org\/{rel}","templated":true}]}}